{"id":947,"date":"2018-10-20T09:48:13","date_gmt":"2018-10-20T09:48:13","guid":{"rendered":"https:\/\/physio-balmer.ch\/?page_id=947"},"modified":"2023-06-10T12:34:15","modified_gmt":"2023-06-10T12:34:15","slug":"offnungszeiten","status":"publish","type":"page","link":"https:\/\/physio-balmer.ch\/?page_id=947","title":{"rendered":"\u00d6ffnungszeiten"},"content":{"rendered":"\r\n<section class=\"sh-section sh-section-b395c59ed16936cf4f0f5ea43ca3fd9c fw-main-row sh-section-visibility-everywhere\">\r\n\t\r\n\t\r\n\t<div class=\"sh-section-container container\">\r\n\t\t<div class=\"fw-row\">\n\t\r\n<div class=\"sh-column sh-column-bdddc2c9064234493d7f0ee8adc4ddd3 fw-col-xs-12\" >\r\n\r\n\t\r\n\t<div class=\"sh-column-wrapper\">\r\n\t\t\r\n<div id=\"text-block-dd3ad6e3590d4c5a652b8f8fdd026161\" class=\"sh-text-block\">\r\n\t<p><strong>Montag<br \/><\/strong>07.30 \u2013 12.00 Uhr\u00a0\/ 13.30 \u2013 19.30 Uhr<\/p><p><strong>Dienstag<br \/><\/strong>07.30 \u2013 12.00 Uhr \/ 13.30 \u2013 17.00 Uhr<\/p><p><strong>Donnerstag<br \/><\/strong>07.30 \u2013 12.00 Uhr\u00a0 \/ 13.30 \u2013 19.30 Uhr<\/p><p>&nbsp;<\/p><p>Terminvereinbarung bitte per Telefon w\u00e4hrend der Praxis\u00f6ffnungszeiten, ansonsten per E-Mail oder SMS. Nach pers\u00f6nlicher Absprache auch Termine ausserhalb der \u00d6ffnungszeiten m\u00f6glich.<\/p><p>Im Verhinderungsfall bitte 24 Stunden vorher abmelden, damit die reservierte Zeit nicht verrechnet werden muss.<\/p><p>&nbsp;<\/p><\/div>\r\n\t<\/div>\r\n\r\n\r\n\t\t\r\n\r\n<\/div>\r\n<\/div>\n\n\t<\/div>\r\n<\/section>\r\n\n","protected":false},"excerpt":{"rendered":"<p>Montag07.30 \u2013 12.00 Uhr\u00a0\/ 13.30 \u2013 19.30 UhrDienstag07.30 \u2013 12.00 Uhr \/ 13.30 \u2013 17.00 UhrDonnerstag07.30 \u2013 12.00 Uhr\u00a0 \/ 13.30 \u2013 19.30 Uhr&nbsp;Terminvereinbarung bitte per Telefon w\u00e4hrend der Praxis\u00f6ffnungszeiten, ansonsten per E-Mail oder SMS. Nach pers\u00f6nlicher Absprache auch Termine ausserhalb der \u00d6ffnungszeiten m\u00f6glich.Im Verhinderungsfall&#8230;<\/p>\n","protected":false},"author":1,"featured_media":0,"parent":0,"menu_order":0,"comment_status":"closed","ping_status":"closed","template":"","meta":{"footnotes":""},"class_list":["post-947","page","type-page","status-publish","hentry"],"_links":{"self":[{"href":"https:\/\/physio-balmer.ch\/index.php?rest_route=\/wp\/v2\/pages\/947","targetHints":{"allow":["GET"]}}],"collection":[{"href":"https:\/\/physio-balmer.ch\/index.php?rest_route=\/wp\/v2\/pages"}],"about":[{"href":"https:\/\/physio-balmer.ch\/index.php?rest_route=\/wp\/v2\/types\/page"}],"author":[{"embeddable":true,"href":"https:\/\/physio-balmer.ch\/index.php?rest_route=\/wp\/v2\/users\/1"}],"replies":[{"embeddable":true,"href":"https:\/\/physio-balmer.ch\/index.php?rest_route=%2Fwp%2Fv2%2Fcomments&post=947"}],"version-history":[{"count":13,"href":"https:\/\/physio-balmer.ch\/index.php?rest_route=\/wp\/v2\/pages\/947\/revisions"}],"predecessor-version":[{"id":1356,"href":"https:\/\/physio-balmer.ch\/index.php?rest_route=\/wp\/v2\/pages\/947\/revisions\/1356"}],"wp:attachment":[{"href":"https:\/\/physio-balmer.ch\/index.php?rest_route=%2Fwp%2Fv2%2Fmedia&parent=947"}],"curies":[{"name":"wp","href":"https:\/\/api.w.org\/{rel}","templated":true}]}}