{"id":946,"date":"2018-10-20T09:48:13","date_gmt":"2018-10-20T09:48:13","guid":{"rendered":"https:\/\/physio-balmer.ch\/?page_id=946"},"modified":"2023-06-10T12:39:00","modified_gmt":"2023-06-10T12:39:00","slug":"anfahrt-kontakt","status":"publish","type":"page","link":"https:\/\/physio-balmer.ch\/?page_id=946","title":{"rendered":"Anfahrt \/ Kontakt"},"content":{"rendered":"\r\n<section class=\"sh-section sh-section-ce20868796ad679d9794350b7fa94531 fw-main-row sh-section-visibility-everywhere\">\r\n\t\r\n\t\r\n\t<div class=\"sh-section-container container\">\r\n\t\t<div class=\"fw-row\">\n\t\r\n<div class=\"sh-column sh-column-a441d8b246f9032e070fc6c1e41ec0a0 fw-col-xs-12\" >\r\n\r\n\t\r\n\t<div class=\"sh-column-wrapper\">\r\n\t\t\r\n<div id=\"text-block-450ce6faa5ee5e83c6b396c9f32c30c5\" class=\"sh-text-block\">\r\n\t<p><strong>Physiotherapie Conny Balmer<br \/><\/strong>Steinm\u00e4tteli 15<br \/>CH-3855 Brienz<\/p><p>Telefon\u00a0\u00a0 079 510 50 41<\/p><p>E-Mail\u00a0\u00a0\u00a0\u00a0 <a href=\"mailto:physio-balmer@bluewin.ch\">physio-balmer@bluewin.ch<\/a><\/p><\/div>\r\n\t<\/div>\r\n\r\n\r\n\t\t\r\n\r\n<\/div>\r\n<\/div>\n\n<div class=\"fw-row\">\n\t\r\n<div class=\"sh-column sh-column-a441d8b246f9032e070fc6c1e41ec0a0 fw-col-xs-12\" >\r\n\r\n\t\r\n\t<div class=\"sh-column-wrapper\">\r\n\t\t\r\n<div id=\"text-block-abf4e9e5acc2353f1c807e8deaad3cfd\" class=\"sh-text-block\">\r\n\t<div>Anfahrtsweg:<\/div><div>Von der Hauptstrasse Richtung Rothornbahn-Parkplatz auf die Trachtlistrasse\u00a0 abbiegen, der Strasse folgen, Linkskurve, geradeaus \u00fcber die kleine Br\u00fccke (NICHT RICHTUNG HOTEL LINDENHOF), direkt nach dem Parkplatz rechts (vis-\u00e0-vis katholische Kappelle), rechts abbiegen und auf der linken Seite des Trachtbaches den Steineggliweg hochfahren, \u00fcber die Br\u00fccke nach rechts, \u00fcber Bahngleis der Rothornbahn, danach links um das grosse,weisse Doppelhaus herumfahren, hochfahren bis zur Sackgasse beim Steinm\u00e4tteli 15 :-).<\/p><p>Vor dem Haus stehen 2-3 Gratisparkpl\u00e4tze zur Verf\u00fcgung.<\/p><\/div><\/div>\r\n\t<\/div>\r\n\r\n\r\n\t\t\r\n\r\n<\/div>\r\n<\/div>\n\n<div class=\"fw-row\">\n\t\r\n<div class=\"sh-column sh-column-a441d8b246f9032e070fc6c1e41ec0a0 fw-col-xs-12\" >\r\n\r\n\t\r\n\t<div class=\"sh-column-wrapper\">\r\n\t\t\r\n<div id=\"text-block-9443aa4ae274b50ce4891a6d5ccd3950\" class=\"sh-text-block\">\r\n\t<p><iframe src=\"https:\/\/www.google.com\/maps\/embed?pb=!1m18!1m12!1m3!1d2733.378002067464!2d8.033068776763933!3d46.75744517112465!2m3!1f0!2f0!3f0!3m2!1i1024!2i768!4f13.1!3m3!1m2!1s0x478f968cbf1f3979%3A0xd75af397059ea0f5!2sSteinm%C3%A4tteli%2015%2C%203855%20Brienz%2C%20Schweiz!5e0!3m2!1sde!2sus!4v1685521997927!5m2!1sde!2sus\" width=\"600\" height=\"450\" style=\"border:0;\" allowfullscreen=\"\" loading=\"lazy\" referrerpolicy=\"no-referrer-when-downgrade\"><\/iframe><\/p><\/div>\r\n\t<\/div>\r\n\r\n\r\n\t\t\r\n\r\n<\/div>\r\n<\/div>\n\n<div class=\"fw-row\">\n\t\r\n<div class=\"sh-column sh-column-a441d8b246f9032e070fc6c1e41ec0a0 fw-col-xs-12\" >\r\n\r\n\t\r\n\t<div class=\"sh-column-wrapper\">\r\n\t\t\r\n<div id=\"divider-8905b36e03162707ea8e6ff4615aa4d2\" class=\"sh-divider sh-divider-center sh-divider-content-none\">\r\n\t\t\t<div class=\"sh-divider-line\"><\/div>\r\n\t<\/div>\r\n\t<\/div>\r\n\r\n\r\n\t\t\r\n\r\n<\/div>\r\n<\/div>\n\n<div class=\"fw-row\">\n\t\r\n<div class=\"sh-column sh-column-a441d8b246f9032e070fc6c1e41ec0a0 fw-col-xs-12\" >\r\n\r\n\t\r\n\t<div class=\"sh-column-wrapper\">\r\n\t\t\r\n<div class=\"sh-heading  \" id=\"heading-a04c479706e9445393dc3af28e52fae8\">\r\n\t<div class=\"sh-element-margin\">\r\n\r\n\t\t\r\n\t\t\t<h2 class=\"sh-heading-content size-default text-left\">\r\n\t\t\t\tKontaktieren Sie mich\t\t\t<\/h2>\r\n\r\n\t\t\r\n\t<\/div>\r\n<\/div>\r\n\t<\/div>\r\n\r\n\r\n\t\t\r\n\r\n<\/div>\r\n<\/div>\n\n<div class=\"fw-row\">\n\t\r\n<div class=\"sh-column sh-column-a441d8b246f9032e070fc6c1e41ec0a0 fw-col-xs-12\" >\r\n\r\n\t\r\n\t<div class=\"sh-column-wrapper\">\r\n\t\t<div id=\"contact-form-e00f4276b2a5ecde900fb495d3efe629\" class=\"form-wrapper contact-form\">\r\n\t<form data-fw-form-id=\"fw_form\" method=\"post\" action=\"https:\/\/physio-balmer.ch\/index.php?rest_route=%2Fwp%2Fv2%2Fpages%2F946\" class=\"fw_form_fw_form\" data-fw-ext-forms-type=\"contact-forms\"><input type=\"hidden\" name=\"fwf\" value=\"fw_form\" \/><input type=\"hidden\" id=\"_nonce_31fb023a0a9d6a0965c2df9cf21ffdeb\" name=\"_nonce_31fb023a0a9d6a0965c2df9cf21ffdeb\" value=\"2adb9bf9ea\" \/><input type=\"hidden\" name=\"_wp_http_referer\" value=\"\/index.php?rest_route=%2Fwp%2Fv2%2Fpages%2F946\" \/><input type=\"hidden\" name=\"fw_ext_forms_form_type\" value=\"contact-forms\" \/><input type=\"hidden\" name=\"fw_ext_forms_form_id\" value=\"e00f4276b2a5ecde900fb495d3efe629\" \/><div class=\"wrap-forms\">\n\t<div class=\"fw-row\"><div class=\"fw-col-xs-12 fw-col-sm-6 form-builder-item\">\n\t<div class=\"field-text\">\n\t\t\t\t<label for=\"id-1\">Name\t\t\t<sup>*<\/sup>\t\t<\/label>\n\t\t\t\t<input type=\"text\" name=\"text_7d32cd3\" placeholder=\"\" value=\"\" id=\"id-1\" required=\"required\">\n\t\t\t<\/div>\n<\/div><div class=\"fw-col-xs-12 fw-col-sm-6 form-builder-item\">\n\t<div class=\"field-text\">\n\t\t\t\t<label for=\"id-2\">Email\t\t\t<sup>*<\/sup>\t\t<\/label>\n\t\t\t\t<input type=\"text\" name=\"email_3332f6e\" placeholder=\"\" value=\"\" id=\"id-2\" required=\"required\">\n\t\t\t<\/div>\n<\/div><\/div><div class=\"fw-row\"><div class=\"fw-col-xs-12 form-builder-item\">\n\t<div class=\"field-textarea\">\n\t\t\t\t<label for=\"id-3\">Nachricht\t\t\t<sup>*<\/sup>\t\t<\/label>\n\t\t\t\t<textarea name=\"textarea_2abc4ea\" placeholder=\"\" id=\"id-3\" required=\"required\"><\/textarea>\n\t\t\t<\/div>\n<\/div><\/div><div class=\"fw-row\"><\/div><div class=\"fw-row\"><\/div><\/div><div>\n\t<input type=\"submit\" value=\"Senden\" \/>\n<\/div><\/form><\/div>\r\n\t<\/div>\r\n\r\n\r\n\t\t\r\n\r\n<\/div>\r\n<\/div>\n\n\t<\/div>\r\n<\/section>\r\n\n","protected":false},"excerpt":{"rendered":"<p>Physiotherapie Conny BalmerSteinm\u00e4tteli 15CH-3855 BrienzTelefon\u00a0\u00a0 079 510 50 41E-Mail\u00a0\u00a0\u00a0\u00a0 physio-balmer@bluewin.ch Anfahrtsweg:Von der Hauptstrasse Richtung Rothornbahn-Parkplatz auf die Trachtlistrasse\u00a0 abbiegen, der Strasse folgen, Linkskurve, geradeaus \u00fcber die kleine Br\u00fccke (NICHT RICHTUNG HOTEL LINDENHOF), direkt nach dem Parkplatz rechts (vis-\u00e0-vis katholische Kappelle), rechts abbiegen und auf der&#8230;<\/p>\n","protected":false},"author":1,"featured_media":0,"parent":0,"menu_order":0,"comment_status":"closed","ping_status":"closed","template":"","meta":{"footnotes":""},"class_list":["post-946","page","type-page","status-publish","hentry"],"_links":{"self":[{"href":"https:\/\/physio-balmer.ch\/index.php?rest_route=\/wp\/v2\/pages\/946","targetHints":{"allow":["GET"]}}],"collection":[{"href":"https:\/\/physio-balmer.ch\/index.php?rest_route=\/wp\/v2\/pages"}],"about":[{"href":"https:\/\/physio-balmer.ch\/index.php?rest_route=\/wp\/v2\/types\/page"}],"author":[{"embeddable":true,"href":"https:\/\/physio-balmer.ch\/index.php?rest_route=\/wp\/v2\/users\/1"}],"replies":[{"embeddable":true,"href":"https:\/\/physio-balmer.ch\/index.php?rest_route=%2Fwp%2Fv2%2Fcomments&post=946"}],"version-history":[{"count":18,"href":"https:\/\/physio-balmer.ch\/index.php?rest_route=\/wp\/v2\/pages\/946\/revisions"}],"predecessor-version":[{"id":1358,"href":"https:\/\/physio-balmer.ch\/index.php?rest_route=\/wp\/v2\/pages\/946\/revisions\/1358"}],"wp:attachment":[{"href":"https:\/\/physio-balmer.ch\/index.php?rest_route=%2Fwp%2Fv2%2Fmedia&parent=946"}],"curies":[{"name":"wp","href":"https:\/\/api.w.org\/{rel}","templated":true}]}}